{"id":242,"date":"2021-03-31T21:01:25","date_gmt":"2021-03-31T21:01:25","guid":{"rendered":"https:\/\/unnidem.com.mx\/?page_id=242"},"modified":"2021-04-01T16:28:20","modified_gmt":"2021-04-01T16:28:20","slug":"asesoria-fiscal","status":"publish","type":"page","link":"https:\/\/unnidem.com.mx\/index.php\/asesoria-fiscal\/","title":{"rendered":"Asesor\u00eda Fiscal"},"content":{"rendered":"<p>[et_pb_section fb_built=\u00bb1&#8243; admin_label=\u00bbWelcome Section\u00bb _builder_version=\u00bb3.22&#8243; custom_padding=\u00bb45px||90px|||\u00bb][et_pb_row column_structure=\u00bb1_3,2_3&#8243; admin_label=\u00bbWelcome Area\u00bb _builder_version=\u00bb3.25&#8243; custom_margin=\u00bb-38px|auto||auto||\u00bb][et_pb_column type=\u00bb1_3&#8243; _builder_version=\u00bb3.25&#8243; custom_padding=\u00bb80px||80px|\u00bb custom_padding__hover=\u00bb|||\u00bb][et_pb_text admin_label=\u00bbTitle\u00bb _builder_version=\u00bb4.9.2&#8243; text_font=\u00bb||||||||\u00bb header_font=\u00bb||||||||\u00bb header_2_font=\u00bbPrata||||||||\u00bb header_2_font_size=\u00bb48px\u00bb header_2_line_height=\u00bb1.6em\u00bb custom_margin=\u00bb||10px|\u00bb animation_style=\u00bbfade\u00bb animation_direction=\u00bbleft\u00bb animation_starting_opacity=\u00bb100%\u00bb header_2_font_size_tablet=\u00bb40px\u00bb header_2_font_size_phone=\u00bb\u00bb header_2_font_size_last_edited=\u00bbon|tablet\u00bb]<\/p>\n<h2 style=\"text-align: justify;\">Asesor\u00eda Fiscal<\/h2>\n<p>[\/et_pb_text][et_pb_divider color=\u00bb#ffa40d\u00bb divider_position=\u00bbcenter\u00bb divider_weight=\u00bb3px\u00bb _builder_version=\u00bb3.2&#8243; max_width=\u00bb70px\u00bb animation_style=\u00bbslide\u00bb animation_direction=\u00bbright\u00bb animation_intensity_slide=\u00bb5%\u00bb animation_starting_opacity=\u00bb100%\u00bb][\/et_pb_divider][et_pb_text _builder_version=\u00bb4.9.1&#8243; text_font=\u00bb||||||||\u00bb text_font_size=\u00bb16px\u00bb text_line_height=\u00bb2em\u00bb text_orientation=\u00bbjustified\u00bb max_width=\u00bb500px\u00bb animation_direction=\u00bbleft\u00bb]<\/p>\n<p><span style=\"font-weight: 400;\">Nuestros servicios se enfocan en identificar riesgos no solo desde la perspectiva local mexicana, sino tambi\u00e9n desde una \u00f3ptica internacional, as\u00ed como en mitigar posibles controversias futuras a las que las organizaciones pudieran estar expuestas. En caso de estar siendo objeto de procesos de auditor\u00eda, promovemos medios alternativos pertinentes que contribuyan a su resoluci\u00f3n, a trav\u00e9s de la facilitaci\u00f3n de la comunicaci\u00f3n e intercambio de informaci\u00f3n entre las autoridades fiscales y los contribuyentes.<\/span><\/p>\n<p>[\/et_pb_text][\/et_pb_column][et_pb_column type=\u00bb2_3&#8243; _builder_version=\u00bb3.25&#8243; custom_padding=\u00bb|||\u00bb custom_padding__hover=\u00bb|||\u00bb][et_pb_image src=\u00bbhttps:\/\/unnidem.com.mx\/wp-content\/uploads\/2021\/03\/fiscal.jpg\u00bb title_text=\u00bbfiscal\u00bb show_bottom_space=\u00bboff\u00bb force_fullwidth=\u00bbon\u00bb align_tablet=\u00bbcenter\u00bb align_phone=\u00bb\u00bb align_last_edited=\u00bbon|desktop\u00bb _builder_version=\u00bb4.9.2&#8243; transform_scale_tablet=\u00bb\u00bb transform_scale_phone=\u00bb\u00bb transform_scale_last_edited=\u00bbon|desktop\u00bb transform_translate=\u00bb43px|190px\u00bb transform_translate_tablet=\u00bb0px|0px\u00bb transform_translate_phone=\u00bb\u00bb transform_translate_last_edited=\u00bbon|phone\u00bb transform_translate_linked_tablet=\u00bboff\u00bb transform_rotate_tablet=\u00bb\u00bb transform_rotate_phone=\u00bb\u00bb transform_rotate_last_edited=\u00bbon|tablet\u00bb transform_skew_tablet=\u00bb\u00bb transform_skew_phone=\u00bb\u00bb transform_skew_last_edited=\u00bbon|tablet\u00bb transform_origin_tablet=\u00bb\u00bb transform_origin_phone=\u00bb\u00bb transform_origin_last_edited=\u00bbon|tablet\u00bb transform_styles_last_edited=\u00bbon|phone\u00bb animation_style=\u00bbslide\u00bb animation_direction=\u00bbright\u00bb animation_intensity_slide=\u00bb2%\u00bb transform_styles_tablet=\u00bb\u00bb transform_styles_phone=\u00bb\u00bb border_width_all=\u00bb30px\u00bb border_color_all=\u00bb#ffffff\u00bb box_shadow_style=\u00bbpreset2&#8243; box_shadow_horizontal=\u00bb0px\u00bb box_shadow_vertical=\u00bb15px\u00bb box_shadow_blur=\u00bb60px\u00bb box_shadow_color=\u00bbrgba(29,61,71,0.2)\u00bb][\/et_pb_image][\/et_pb_column][\/et_pb_row][\/et_pb_section][et_pb_section fb_built=\u00bb1&#8243; admin_label=\u00bbOur Philosophy Section\u00bb _builder_version=\u00bb4.9.1&#8243; background_color=\u00bb#f7f7f7&#8243; custom_padding=\u00bb0px||110px|||\u00bb border_width_right=\u00bb8vw\u00bb border_color_right=\u00bbrgba(255,186,96,0.6)\u00bb][et_pb_row column_structure=\u00bb1_3,1_3,1_3&#8243; admin_label=\u00bbOur Philosophy Area\u00bb _builder_version=\u00bb4.9.2&#8243; transform_translate=\u00bb-39px|0px\u00bb custom_padding=\u00bb||5px|42px||\u00bb][et_pb_column type=\u00bb1_3&#8243; _builder_version=\u00bb3.25&#8243; custom_padding=\u00bb|||\u00bb custom_padding__hover=\u00bb|||\u00bb][et_pb_text admin_label=\u00bbTitle\u00bb _builder_version=\u00bb4.9.2&#8243; text_font=\u00bb||||||||\u00bb text_font_size=\u00bb16px\u00bb text_line_height=\u00bb2em\u00bb header_font=\u00bb||||||||\u00bb header_3_font=\u00bbRoboto Slab||||||||\u00bb header_3_line_height=\u00bb1.4em\u00bb custom_margin=\u00bb||10px|\u00bb animation_style=\u00bbfold\u00bb animation_direction=\u00bbbottom\u00bb animation_intensity_fold=\u00bb5%\u00bb animation_starting_opacity=\u00bb100%\u00bb]<\/p>\n<ul>\n<li style=\"text-align: justify;\">Dise\u00f1o de Estrategias Fiscales.<\/li>\n<\/ul>\n<p>[\/et_pb_text][\/et_pb_column][et_pb_column type=\u00bb1_3&#8243; _builder_version=\u00bb3.25&#8243; custom_padding=\u00bb|||\u00bb custom_padding__hover=\u00bb|||\u00bb][et_pb_text admin_label=\u00bbTitle\u00bb _builder_version=\u00bb4.9.2&#8243; text_font=\u00bb||||||||\u00bb text_font_size=\u00bb16px\u00bb text_line_height=\u00bb2em\u00bb header_font=\u00bb||||||||\u00bb header_3_font=\u00bbRoboto Slab||||||||\u00bb header_3_line_height=\u00bb1.4em\u00bb transform_translate=\u00bb13px|0px\u00bb transform_translate_linked=\u00bboff\u00bb custom_margin=\u00bb||10px|\u00bb animation_style=\u00bbfold\u00bb animation_direction=\u00bbbottom\u00bb animation_intensity_fold=\u00bb5%\u00bb animation_starting_opacity=\u00bb100%\u00bb locked=\u00bboff\u00bb]<\/p>\n<ul>\n<li style=\"text-align: justify;\">Establecimiento de mejores pr\u00e1cticas financieras y fiscales.<\/li>\n<\/ul>\n<p>[\/et_pb_text][\/et_pb_column][et_pb_column type=\u00bb1_3&#8243; _builder_version=\u00bb3.25&#8243; custom_padding=\u00bb|||\u00bb custom_padding__hover=\u00bb|||\u00bb][et_pb_text admin_label=\u00bbTitle\u00bb _builder_version=\u00bb4.9.2&#8243; text_font=\u00bb||||||||\u00bb text_font_size=\u00bb16px\u00bb text_line_height=\u00bb2em\u00bb header_font=\u00bb||||||||\u00bb header_3_font=\u00bbRoboto Slab||||||||\u00bb header_3_line_height=\u00bb1.4em\u00bb transform_scale_tablet=\u00bb\u00bb transform_scale_phone=\u00bb\u00bb transform_scale_last_edited=\u00bbon|desktop\u00bb transform_translate=\u00bb23px|0px\u00bb transform_translate_tablet=\u00bb0px|0px\u00bb transform_translate_phone=\u00bb\u00bb transform_translate_last_edited=\u00bbon|phone\u00bb transform_translate_linked=\u00bboff\u00bb transform_rotate_tablet=\u00bb\u00bb transform_rotate_phone=\u00bb\u00bb transform_rotate_last_edited=\u00bbon|desktop\u00bb transform_skew_tablet=\u00bb\u00bb transform_skew_phone=\u00bb\u00bb transform_skew_last_edited=\u00bbon|desktop\u00bb transform_origin_tablet=\u00bb\u00bb transform_origin_phone=\u00bb\u00bb transform_origin_last_edited=\u00bbon|desktop\u00bb transform_styles_last_edited=\u00bbon|phone\u00bb custom_margin=\u00bb||10px|\u00bb animation_style=\u00bbfold\u00bb animation_direction=\u00bbbottom\u00bb animation_intensity_fold=\u00bb5%\u00bb animation_starting_opacity=\u00bb100%\u00bb transform_styles_tablet=\u00bb\u00bb transform_styles_phone=\u00bb\u00bb locked=\u00bboff\u00bb]<\/p>\n<ul>\n<li style=\"text-align: justify;\">Elaboraci\u00f3n de expedientes de defensa para soportar operaciones realizadas.<b style=\"font-size: 16px;\"><\/b><\/li>\n<\/ul>\n<p>[\/et_pb_text][\/et_pb_column][\/et_pb_row][et_pb_row column_structure=\u00bb1_3,1_3,1_3&#8243; admin_label=\u00bbOur Philosophy Area\u00bb _builder_version=\u00bb3.25&#8243; custom_padding=\u00bb||4px|||\u00bb][et_pb_column type=\u00bb1_3&#8243; _builder_version=\u00bb3.25&#8243; custom_padding=\u00bb|||\u00bb custom_padding__hover=\u00bb|||\u00bb][et_pb_text admin_label=\u00bbTitle\u00bb _builder_version=\u00bb4.9.2&#8243; text_font=\u00bb||||||||\u00bb text_font_size=\u00bb16px\u00bb text_line_height=\u00bb2em\u00bb header_font=\u00bb||||||||\u00bb header_3_font=\u00bbRoboto Slab||||||||\u00bb header_3_line_height=\u00bb1.4em\u00bb custom_margin=\u00bb||10px|\u00bb animation_style=\u00bbfold\u00bb animation_direction=\u00bbbottom\u00bb animation_intensity_fold=\u00bb5%\u00bb animation_starting_opacity=\u00bb100%\u00bb]<\/p>\n<ul>\n<li style=\"text-align: justify;\">Promoci\u00f3n de medios alternativos de soluci\u00f3n de controversias.<\/li>\n<\/ul>\n<p>[\/et_pb_text][\/et_pb_column][et_pb_column type=\u00bb1_3&#8243; _builder_version=\u00bb3.25&#8243; custom_padding=\u00bb|||\u00bb custom_padding__hover=\u00bb|||\u00bb][et_pb_text admin_label=\u00bbTitle\u00bb _builder_version=\u00bb4.9.2&#8243; text_font=\u00bb||||||||\u00bb text_font_size=\u00bb16px\u00bb text_line_height=\u00bb2em\u00bb header_font=\u00bb||||||||\u00bb header_3_font=\u00bbRoboto Slab||||||||\u00bb header_3_line_height=\u00bb1.4em\u00bb custom_margin=\u00bb||10px|\u00bb animation_style=\u00bbfold\u00bb animation_direction=\u00bbbottom\u00bb animation_intensity_fold=\u00bb5%\u00bb animation_starting_opacity=\u00bb100%\u00bb locked=\u00bboff\u00bb]<\/p>\n<ul>\n<li style=\"text-align: justify;\">Acompa\u00f1amiento en el desarrollo de facultades de comprobaci\u00f3n por parte de autoridades fiscales.<\/li>\n<\/ul>\n<p>[\/et_pb_text][\/et_pb_column][et_pb_column type=\u00bb1_3&#8243; _builder_version=\u00bb3.25&#8243; custom_padding=\u00bb|||\u00bb custom_padding__hover=\u00bb|||\u00bb][et_pb_text admin_label=\u00bbTitle\u00bb _builder_version=\u00bb4.9.2&#8243; text_font=\u00bb||||||||\u00bb text_font_size=\u00bb16px\u00bb text_line_height=\u00bb2em\u00bb header_font=\u00bb||||||||\u00bb header_3_font=\u00bbRoboto Slab||||||||\u00bb header_3_line_height=\u00bb1.4em\u00bb custom_margin=\u00bb||10px|\u00bb animation_style=\u00bbfold\u00bb animation_direction=\u00bbbottom\u00bb animation_intensity_fold=\u00bb5%\u00bb animation_starting_opacity=\u00bb100%\u00bb locked=\u00bboff\u00bb]<\/p>\n<ul>\n<li style=\"text-align: justify;\">Acercamiento con las autoridades administrativas para el desahogo de observaciones .<\/li>\n<\/ul>\n<p>[\/et_pb_text][\/et_pb_column][\/et_pb_row][et_pb_row column_structure=\u00bb1_3,1_3,1_3&#8243; admin_label=\u00bbOur Philosophy Area\u00bb _builder_version=\u00bb3.25&#8243; custom_padding=\u00bb||3px|||\u00bb][et_pb_column type=\u00bb1_3&#8243; _builder_version=\u00bb3.25&#8243; custom_padding=\u00bb|||\u00bb custom_padding__hover=\u00bb|||\u00bb][et_pb_text admin_label=\u00bbTitle\u00bb _builder_version=\u00bb4.9.2&#8243; text_font=\u00bb||||||||\u00bb text_font_size=\u00bb16px\u00bb text_line_height=\u00bb2em\u00bb header_font=\u00bb||||||||\u00bb header_3_font=\u00bbRoboto Slab||||||||\u00bb header_3_line_height=\u00bb1.4em\u00bb custom_margin=\u00bb||10px|\u00bb animation_style=\u00bbfold\u00bb animation_direction=\u00bbbottom\u00bb animation_intensity_fold=\u00bb5%\u00bb animation_starting_opacity=\u00bb100%\u00bb]<\/p>\n<ul>\n<li style=\"text-align: justify;\">Promoci\u00f3n de medios alternativos de soluci\u00f3n de controversias locales (Acuerdos Conclusivos).<\/li>\n<\/ul>\n<p>[\/et_pb_text][\/et_pb_column][et_pb_column type=\u00bb1_3&#8243; _builder_version=\u00bb3.25&#8243; custom_padding=\u00bb|||\u00bb custom_padding__hover=\u00bb|||\u00bb][et_pb_text admin_label=\u00bbTitle\u00bb _builder_version=\u00bb4.9.2&#8243; text_font=\u00bb||||||||\u00bb text_font_size=\u00bb16px\u00bb text_line_height=\u00bb2em\u00bb header_font=\u00bb||||||||\u00bb header_3_font=\u00bbRoboto Slab||||||||\u00bb header_3_line_height=\u00bb1.4em\u00bb custom_margin=\u00bb||10px|\u00bb animation_style=\u00bbfold\u00bb animation_direction=\u00bbbottom\u00bb animation_intensity_fold=\u00bb5%\u00bb animation_starting_opacity=\u00bb100%\u00bb locked=\u00bboff\u00bb]<\/p>\n<ul>\n<li style=\"text-align: justify;\">Promoci\u00f3n de recursos de queja o bien, consultas ante la PRODECON.<\/li>\n<\/ul>\n<p>[\/et_pb_text][\/et_pb_column][et_pb_column type=\u00bb1_3&#8243; _builder_version=\u00bb3.25&#8243; custom_padding=\u00bb|||\u00bb custom_padding__hover=\u00bb|||\u00bb][et_pb_text admin_label=\u00bbTitle\u00bb _builder_version=\u00bb4.9.2&#8243; text_font=\u00bb||||||||\u00bb text_font_size=\u00bb16px\u00bb text_line_height=\u00bb2em\u00bb header_font=\u00bb||||||||\u00bb header_3_font=\u00bbRoboto Slab||||||||\u00bb header_3_line_height=\u00bb1.4em\u00bb custom_margin=\u00bb||10px|\u00bb animation_style=\u00bbfold\u00bb animation_direction=\u00bbbottom\u00bb animation_intensity_fold=\u00bb5%\u00bb animation_starting_opacity=\u00bb100%\u00bb locked=\u00bboff\u00bb]<\/p>\n<ul>\n<li style=\"text-align: justify;\">Elaboraci\u00f3n de consultas reales y concretas ante la autoridad fiscal.<\/li>\n<\/ul>\n<p>[\/et_pb_text][\/et_pb_column][\/et_pb_row][et_pb_row column_structure=\u00bb1_3,1_3,1_3&#8243; admin_label=\u00bbOur Philosophy Area\u00bb _builder_version=\u00bb4.9.2&#8243; custom_padding=\u00bb||3px|||\u00bb][et_pb_column type=\u00bb1_3&#8243; _builder_version=\u00bb3.25&#8243; custom_padding=\u00bb|||\u00bb custom_padding__hover=\u00bb|||\u00bb][et_pb_text admin_label=\u00bbTitle\u00bb _builder_version=\u00bb4.9.2&#8243; text_font=\u00bb||||||||\u00bb text_font_size=\u00bb16px\u00bb text_line_height=\u00bb2em\u00bb header_font=\u00bb||||||||\u00bb header_3_font=\u00bbRoboto Slab||||||||\u00bb header_3_line_height=\u00bb1.4em\u00bb custom_margin=\u00bb||10px|\u00bb animation_style=\u00bbfold\u00bb animation_direction=\u00bbbottom\u00bb animation_intensity_fold=\u00bb5%\u00bb animation_starting_opacity=\u00bb100%\u00bb]<\/p>\n<ul>\n<li aria-level=\"1\" style=\"text-align: justify;\">Auditor\u00eda de cumplimiento en PLD\/FT conforme a las Disposiciones de Car\u00e1cter General.<\/li>\n<\/ul>\n<p>[\/et_pb_text][\/et_pb_column][et_pb_column type=\u00bb1_3&#8243; _builder_version=\u00bb3.25&#8243; custom_padding=\u00bb|||\u00bb custom_padding__hover=\u00bb|||\u00bb][et_pb_text admin_label=\u00bbTitle\u00bb _builder_version=\u00bb4.9.2&#8243; text_font=\u00bb||||||||\u00bb text_font_size=\u00bb16px\u00bb text_line_height=\u00bb2em\u00bb header_font=\u00bb||||||||\u00bb header_3_font=\u00bbRoboto Slab||||||||\u00bb header_3_line_height=\u00bb1.4em\u00bb custom_margin=\u00bb||10px|\u00bb animation_style=\u00bbfold\u00bb animation_direction=\u00bbbottom\u00bb animation_intensity_fold=\u00bb5%\u00bb animation_starting_opacity=\u00bb100%\u00bb locked=\u00bboff\u00bb]<\/p>\n<ul>\n<li style=\"text-align: justify;\">Consultor\u00eda para el desarrollo de la \u201cMetodolog\u00eda de Evaluaci\u00f3n de Riesgos en PLD\/FT\u201d.<\/li>\n<\/ul>\n<p>[\/et_pb_text][\/et_pb_column][et_pb_column type=\u00bb1_3&#8243; _builder_version=\u00bb3.25&#8243; custom_padding=\u00bb|||\u00bb custom_padding__hover=\u00bb|||\u00bb][et_pb_text admin_label=\u00bbTitle\u00bb _builder_version=\u00bb4.9.2&#8243; text_font=\u00bb||||||||\u00bb text_font_size=\u00bb16px\u00bb text_line_height=\u00bb2em\u00bb header_font=\u00bb||||||||\u00bb header_3_font=\u00bbRoboto Slab||||||||\u00bb header_3_line_height=\u00bb1.4em\u00bb custom_margin=\u00bb||10px|\u00bb animation_style=\u00bbfold\u00bb animation_direction=\u00bbbottom\u00bb animation_intensity_fold=\u00bb5%\u00bb animation_starting_opacity=\u00bb100%\u00bb locked=\u00bboff\u00bb]<\/p>\n<ul>\n<li style=\"text-align: justify;\">Desarrollo y actualizaci\u00f3n de Manuales de pol\u00edticas y procedimientos en materia de PLD\/FT.<\/li>\n<\/ul>\n<p>[\/et_pb_text][\/et_pb_column][\/et_pb_row][et_pb_row column_structure=\u00bb1_3,1_3,1_3&#8243; admin_label=\u00bbOur Philosophy Area\u00bb _builder_version=\u00bb3.25&#8243; custom_padding=\u00bb||3px|||\u00bb][et_pb_column type=\u00bb1_3&#8243; _builder_version=\u00bb3.25&#8243; custom_padding=\u00bb|||\u00bb custom_padding__hover=\u00bb|||\u00bb][et_pb_text admin_label=\u00bbTitle\u00bb _builder_version=\u00bb4.9.2&#8243; text_font=\u00bb||||||||\u00bb text_font_size=\u00bb16px\u00bb text_line_height=\u00bb2em\u00bb header_font=\u00bb||||||||\u00bb header_3_font=\u00bbRoboto Slab||||||||\u00bb header_3_line_height=\u00bb1.4em\u00bb custom_margin=\u00bb||10px|\u00bb animation_style=\u00bbfold\u00bb animation_direction=\u00bbbottom\u00bb animation_intensity_fold=\u00bb5%\u00bb animation_starting_opacity=\u00bb100%\u00bb locked=\u00bboff\u00bb]<\/p>\n<ul>\n<li aria-level=\"1\" style=\"text-align: justify;\">Apoyo en cumplimiento a Sujetos Obligados en Actividades Vulnerables.<\/li>\n<\/ul>\n<p>[\/et_pb_text][\/et_pb_column][et_pb_column type=\u00bb1_3&#8243; _builder_version=\u00bb3.25&#8243; custom_padding=\u00bb|||\u00bb custom_padding__hover=\u00bb|||\u00bb][et_pb_text admin_label=\u00bbTitle\u00bb _builder_version=\u00bb4.9.2&#8243; text_font=\u00bb||||||||\u00bb text_font_size=\u00bb16px\u00bb text_line_height=\u00bb2em\u00bb header_font=\u00bb||||||||\u00bb header_3_font=\u00bbRoboto Slab||||||||\u00bb header_3_line_height=\u00bb1.4em\u00bb custom_margin=\u00bb||10px|\u00bb animation_style=\u00bbfold\u00bb animation_direction=\u00bbbottom\u00bb animation_intensity_fold=\u00bb5%\u00bb animation_starting_opacity=\u00bb100%\u00bb locked=\u00bboff\u00bb]<\/p>\n<ul>\n<li aria-level=\"1\" style=\"text-align: justify;\">Recurso de Revocaci\u00f3n, Juicio de Nulidad y Juicio de Amparo.<\/li>\n<\/ul>\n<p>[\/et_pb_text][\/et_pb_column][et_pb_column type=\u00bb1_3&#8243; _builder_version=\u00bb3.25&#8243; custom_padding=\u00bb|||\u00bb custom_padding__hover=\u00bb|||\u00bb][\/et_pb_column][\/et_pb_row][et_pb_row _builder_version=\u00bb4.9.2&#8243; _module_preset=\u00bbdefault\u00bb hover_enabled=\u00bb0&#8243; transform_translate_linked=\u00bboff\u00bb transform_translate=\u00bb5px|145px\u00bb transform_styles_last_edited=\u00bbon|phone\u00bb transform_scale_last_edited=\u00bbon|desktop\u00bb transform_translate_last_edited=\u00bbon|phone\u00bb transform_rotate_last_edited=\u00bbon|desktop\u00bb transform_skew_last_edited=\u00bbon|desktop\u00bb transform_origin_last_edited=\u00bbon|desktop\u00bb sticky_enabled=\u00bb0&#8243; transform_translate_phone=\u00bb5px|188px\u00bb][et_pb_column type=\u00bb4_4&#8243; _builder_version=\u00bb4.9.2&#8243; _module_preset=\u00bbdefault\u00bb][et_pb_button button_url=\u00bbhttps:\/\/unnidem.com.mx\/index.php\/contacto\/\u00bb button_text=\u00bbCont\u00e1ctanos\u00bb button_alignment=\u00bbcenter\u00bb _builder_version=\u00bb4.9.2&#8243; custom_button=\u00bbon\u00bb button_text_size=\u00bb14px\u00bb button_text_color=\u00bb#2a2a2a\u00bb button_border_width=\u00bb2px\u00bb button_border_color=\u00bb#ffa40d\u00bb button_border_radius=\u00bb0px\u00bb button_letter_spacing=\u00bb4px\u00bb button_font=\u00bb|700||on|||||\u00bb button_icon=\u00bb%%3%%\u00bb transform_scale_tablet=\u00bb\u00bb transform_scale_phone=\u00bb\u00bb transform_scale_last_edited=\u00bbon|desktop\u00bb transform_translate=\u00bb-11px|67px\u00bb transform_translate_tablet=\u00bb\u00bb transform_translate_phone=\u00bb7px|-14px\u00bb transform_translate_last_edited=\u00bbon|phone\u00bb transform_translate_linked=\u00bboff\u00bb transform_rotate_tablet=\u00bb\u00bb transform_rotate_phone=\u00bb\u00bb transform_rotate_last_edited=\u00bbon|desktop\u00bb transform_skew_tablet=\u00bb\u00bb transform_skew_phone=\u00bb\u00bb transform_skew_last_edited=\u00bbon|desktop\u00bb transform_origin_tablet=\u00bb\u00bb transform_origin_phone=\u00bb\u00bb transform_origin_last_edited=\u00bbon|desktop\u00bb transform_styles_last_edited=\u00bbon|phone\u00bb custom_margin=\u00bb-182px||40px|||\u00bb custom_padding=\u00bb10px||10px|\u00bb animation_style=\u00bbfade\u00bb transform_styles_tablet=\u00bb\u00bb transform_styles_phone=\u00bb\u00bb button_bg_color_hover=\u00bbrgba(0,0,0,0)\u00bb button_text_size__hover_enabled=\u00bboff\u00bb button_one_text_size__hover_enabled=\u00bboff\u00bb button_two_text_size__hover_enabled=\u00bboff\u00bb button_text_color__hover_enabled=\u00bboff\u00bb button_one_text_color__hover_enabled=\u00bboff\u00bb button_two_text_color__hover_enabled=\u00bboff\u00bb button_border_width__hover_enabled=\u00bboff\u00bb button_one_border_width__hover_enabled=\u00bboff\u00bb button_two_border_width__hover_enabled=\u00bboff\u00bb button_border_color__hover_enabled=\u00bboff\u00bb button_one_border_color__hover_enabled=\u00bboff\u00bb button_two_border_color__hover_enabled=\u00bboff\u00bb button_border_radius__hover_enabled=\u00bboff\u00bb button_one_border_radius__hover_enabled=\u00bboff\u00bb button_two_border_radius__hover_enabled=\u00bboff\u00bb button_letter_spacing__hover_enabled=\u00bboff\u00bb button_one_letter_spacing__hover_enabled=\u00bboff\u00bb button_two_letter_spacing__hover_enabled=\u00bboff\u00bb button_bg_color__hover_enabled=\u00bbon\u00bb button_bg_color__hover=\u00bbrgba(0,0,0,0)\u00bb button_one_bg_color__hover_enabled=\u00bboff\u00bb button_two_bg_color__hover_enabled=\u00bboff\u00bb][\/et_pb_button][\/et_pb_column][\/et_pb_row][\/et_pb_section]<\/p>\n","protected":false},"excerpt":{"rendered":"<p>Asesor\u00eda FiscalNuestros servicios se enfocan en identificar riesgos no solo desde la perspectiva local mexicana, sino tambi\u00e9n desde una \u00f3ptica internacional, as\u00ed como en mitigar posibles controversias futuras a las que las organizaciones pudieran estar expuestas. En caso de estar siendo objeto de procesos de auditor\u00eda, promovemos medios alternativos pertinentes que contribuyan a su resoluci\u00f3n, [&hellip;]<\/p>\n","protected":false},"author":1,"featured_media":0,"parent":0,"menu_order":0,"comment_status":"closed","ping_status":"closed","template":"","meta":{"_et_pb_use_builder":"on","_et_pb_old_content":"","_et_gb_content_width":"","footnotes":""},"class_list":["post-242","page","type-page","status-publish","hentry"],"_links":{"self":[{"href":"https:\/\/unnidem.com.mx\/index.php\/wp-json\/wp\/v2\/pages\/242","targetHints":{"allow":["GET"]}}],"collection":[{"href":"https:\/\/unnidem.com.mx\/index.php\/wp-json\/wp\/v2\/pages"}],"about":[{"href":"https:\/\/unnidem.com.mx\/index.php\/wp-json\/wp\/v2\/types\/page"}],"author":[{"embeddable":true,"href":"https:\/\/unnidem.com.mx\/index.php\/wp-json\/wp\/v2\/users\/1"}],"replies":[{"embeddable":true,"href":"https:\/\/unnidem.com.mx\/index.php\/wp-json\/wp\/v2\/comments?post=242"}],"version-history":[{"count":30,"href":"https:\/\/unnidem.com.mx\/index.php\/wp-json\/wp\/v2\/pages\/242\/revisions"}],"predecessor-version":[{"id":399,"href":"https:\/\/unnidem.com.mx\/index.php\/wp-json\/wp\/v2\/pages\/242\/revisions\/399"}],"wp:attachment":[{"href":"https:\/\/unnidem.com.mx\/index.php\/wp-json\/wp\/v2\/media?parent=242"}],"curies":[{"name":"wp","href":"https:\/\/api.w.org\/{rel}","templated":true}]}}