{"id":248,"date":"2021-03-31T21:03:12","date_gmt":"2021-03-31T21:03:12","guid":{"rendered":"https:\/\/unnidem.com.mx\/?page_id=248"},"modified":"2021-04-01T16:22:48","modified_gmt":"2021-04-01T16:22:48","slug":"consulta-en-negocios","status":"publish","type":"page","link":"https:\/\/unnidem.com.mx\/index.php\/consulta-en-negocios\/","title":{"rendered":"Consultor\u00eda en Negocios"},"content":{"rendered":"<p>[et_pb_section fb_built=\u00bb1&#8243; admin_label=\u00bbWelcome Section\u00bb _builder_version=\u00bb3.22&#8243; custom_padding=\u00bb2px||90px|||\u00bb][et_pb_row column_structure=\u00bb1_3,2_3&#8243; admin_label=\u00bbWelcome Area\u00bb _builder_version=\u00bb3.25&#8243;][et_pb_column type=\u00bb1_3&#8243; _builder_version=\u00bb3.25&#8243; custom_padding=\u00bb80px||80px|\u00bb custom_padding__hover=\u00bb|||\u00bb][et_pb_text admin_label=\u00bbTitle\u00bb _builder_version=\u00bb4.9.2&#8243; text_font=\u00bb||||||||\u00bb header_font=\u00bb||||||||\u00bb header_2_font=\u00bbPrata||||||||\u00bb header_2_font_size=\u00bb48px\u00bb header_2_line_height=\u00bb1.6em\u00bb custom_margin=\u00bb||10px|\u00bb animation_style=\u00bbfade\u00bb animation_direction=\u00bbleft\u00bb animation_starting_opacity=\u00bb100%\u00bb header_2_font_size_tablet=\u00bb40px\u00bb header_2_font_size_phone=\u00bb\u00bb header_2_font_size_last_edited=\u00bbon|tablet\u00bb]<\/p>\n<h2 style=\"text-align: justify;\">Consultor\u00eda en Negocios<\/h2>\n<p>[\/et_pb_text][et_pb_divider color=\u00bb#ffa40d\u00bb divider_position=\u00bbcenter\u00bb divider_weight=\u00bb3px\u00bb _builder_version=\u00bb3.2&#8243; max_width=\u00bb70px\u00bb animation_style=\u00bbslide\u00bb animation_direction=\u00bbright\u00bb animation_intensity_slide=\u00bb5%\u00bb animation_starting_opacity=\u00bb100%\u00bb][\/et_pb_divider][et_pb_text _builder_version=\u00bb4.9.2&#8243; text_font=\u00bb||||||||\u00bb text_font_size=\u00bb16px\u00bb text_line_height=\u00bb2em\u00bb text_orientation=\u00bbjustified\u00bb max_width=\u00bb500px\u00bb animation_direction=\u00bbleft\u00bb]<\/p>\n<p><span style=\"font-weight: 400;\">A trav\u00e9s de la experiencia de nuestro equipo, se ha desarrollado un innovador modelo de asesor\u00eda empresarial el cual se adapta a las caracter\u00edsticas particulares del tipo de negocio de cada uno de nuestros clientes.<\/span><\/p>\n<p><span style=\"font-weight: 400;\">Esta visi\u00f3n y experiencia nos permite brindar asesor\u00eda con precisi\u00f3n, ya que facilita realizar un an\u00e1lisis profundo y global del flujo de las operaciones m\u00e1s relevantes dentro de los negocios, lo que da como resultado que nuestros clientes consigan un cumplimiento legal \u00f3ptimo y confiable.<\/span><\/p>\n<p>[\/et_pb_text][\/et_pb_column][et_pb_column type=\u00bb2_3&#8243; _builder_version=\u00bb3.25&#8243; custom_padding=\u00bb|||\u00bb custom_padding__hover=\u00bb|||\u00bb][et_pb_image src=\u00bbhttps:\/\/unnidem.com.mx\/wp-content\/uploads\/2021\/03\/law-firm-08.jpg\u00bb title_text=\u00bbServicios especializados\u00bb show_bottom_space=\u00bboff\u00bb force_fullwidth=\u00bbon\u00bb align_tablet=\u00bbcenter\u00bb align_phone=\u00bb\u00bb align_last_edited=\u00bbon|desktop\u00bb _builder_version=\u00bb4.9.2&#8243; transform_scale_tablet=\u00bb\u00bb transform_scale_phone=\u00bb\u00bb transform_scale_last_edited=\u00bbon|desktop\u00bb transform_translate=\u00bb56px|279px\u00bb transform_translate_tablet=\u00bb0px|0px\u00bb transform_translate_phone=\u00bb\u00bb transform_translate_last_edited=\u00bbon|phone\u00bb transform_translate_linked=\u00bboff\u00bb transform_rotate_tablet=\u00bb\u00bb transform_rotate_phone=\u00bb\u00bb transform_rotate_last_edited=\u00bbon|tablet\u00bb transform_skew_tablet=\u00bb\u00bb transform_skew_phone=\u00bb\u00bb transform_skew_last_edited=\u00bbon|tablet\u00bb transform_origin_tablet=\u00bb\u00bb transform_origin_phone=\u00bb\u00bb transform_origin_last_edited=\u00bbon|tablet\u00bb transform_styles_last_edited=\u00bbon|phone\u00bb animation_style=\u00bbslide\u00bb animation_direction=\u00bbright\u00bb animation_intensity_slide=\u00bb2%\u00bb transform_styles_tablet=\u00bb\u00bb transform_styles_phone=\u00bb\u00bb border_width_all=\u00bb30px\u00bb border_color_all=\u00bb#ffffff\u00bb box_shadow_style=\u00bbpreset2&#8243; box_shadow_horizontal=\u00bb0px\u00bb box_shadow_vertical=\u00bb15px\u00bb box_shadow_blur=\u00bb60px\u00bb box_shadow_color=\u00bbrgba(29,61,71,0.2)\u00bb][\/et_pb_image][\/et_pb_column][\/et_pb_row][\/et_pb_section][et_pb_section fb_built=\u00bb1&#8243; admin_label=\u00bbOur Philosophy Section\u00bb _builder_version=\u00bb4.9.1&#8243; background_color=\u00bb#f7f7f7&#8243; custom_padding=\u00bb0px||110px|||\u00bb border_width_right=\u00bb8vw\u00bb border_color_right=\u00bbrgba(255,186,96,0.6)\u00bb][et_pb_row column_structure=\u00bb1_3,1_3,1_3&#8243; admin_label=\u00bbOur Philosophy Area\u00bb _builder_version=\u00bb4.9.2&#8243; transform_translate=\u00bb-39px|0px\u00bb custom_padding=\u00bb||5px|42px||\u00bb][et_pb_column type=\u00bb1_3&#8243; _builder_version=\u00bb3.25&#8243; custom_padding=\u00bb|||\u00bb custom_padding__hover=\u00bb|||\u00bb][et_pb_text content_tablet=\u00bb<\/p>\n<ul>\n<li style=%22text-align: justify;%22>Asesor\u00eda Y Revisi\u00f3n e Deducciones Conforme a la ley.<\/li>\n<\/ul>\n<p>\u00bb content_phone=\u00bb\u00bb content_last_edited=\u00bbon|desktop\u00bb admin_label=\u00bbTitle\u00bb _builder_version=\u00bb4.9.2&#8243; text_font=\u00bb||||||||\u00bb text_font_size=\u00bb16px\u00bb text_line_height=\u00bb2em\u00bb header_font=\u00bb||||||||\u00bb header_3_font=\u00bbRoboto Slab||||||||\u00bb header_3_line_height=\u00bb1.4em\u00bb custom_margin=\u00bb||10px|\u00bb animation_style=\u00bbfold\u00bb animation_direction=\u00bbbottom\u00bb animation_intensity_fold=\u00bb5%\u00bb animation_starting_opacity=\u00bb100%\u00bb]<\/p>\n<ul>\n<li>Asesor\u00eda legal y Tramitaci\u00f3n de Permisos.<\/li>\n<\/ul>\n<p>[\/et_pb_text][\/et_pb_column][et_pb_column type=\u00bb1_3&#8243; _builder_version=\u00bb3.25&#8243; custom_padding=\u00bb|||\u00bb custom_padding__hover=\u00bb|||\u00bb][et_pb_text admin_label=\u00bbTitle\u00bb _builder_version=\u00bb4.9.2&#8243; text_font=\u00bb||||||||\u00bb text_font_size=\u00bb16px\u00bb text_line_height=\u00bb2em\u00bb ul_text_align=\u00bbleft\u00bb header_font=\u00bb||||||||\u00bb header_3_font=\u00bbRoboto Slab||||||||\u00bb header_3_line_height=\u00bb1.4em\u00bb transform_scale_tablet=\u00bb\u00bb transform_scale_phone=\u00bb\u00bb transform_scale_last_edited=\u00bbon|desktop\u00bb transform_translate=\u00bb13px|0px\u00bb transform_translate_tablet=\u00bb0px|0px\u00bb transform_translate_phone=\u00bb\u00bb transform_translate_last_edited=\u00bbon|phone\u00bb transform_translate_linked_tablet=\u00bboff\u00bb transform_rotate_tablet=\u00bb\u00bb transform_rotate_phone=\u00bb\u00bb transform_rotate_last_edited=\u00bbon|desktop\u00bb transform_skew_tablet=\u00bb\u00bb transform_skew_phone=\u00bb\u00bb transform_skew_last_edited=\u00bbon|desktop\u00bb transform_origin_tablet=\u00bb\u00bb transform_origin_phone=\u00bb\u00bb transform_origin_last_edited=\u00bbon|desktop\u00bb transform_styles_last_edited=\u00bbon|phone\u00bb custom_margin=\u00bb||10px|\u00bb animation_style=\u00bbfold\u00bb animation_direction=\u00bbbottom\u00bb animation_intensity_fold=\u00bb5%\u00bb animation_starting_opacity=\u00bb100%\u00bb transform_styles_tablet=\u00bb\u00bb transform_styles_phone=\u00bb\u00bb locked=\u00bboff\u00bb]<\/p>\n<ul>\n<li>Apertura de Sucursales.<\/li>\n<\/ul>\n<p>[\/et_pb_text][\/et_pb_column][et_pb_column type=\u00bb1_3&#8243; _builder_version=\u00bb3.25&#8243; custom_padding=\u00bb|||\u00bb custom_padding__hover=\u00bb|||\u00bb][et_pb_text admin_label=\u00bbTitle\u00bb _builder_version=\u00bb4.9.2&#8243; text_font=\u00bb||||||||\u00bb text_font_size=\u00bb16px\u00bb text_line_height=\u00bb2em\u00bb header_font=\u00bb||||||||\u00bb header_3_font=\u00bbRoboto Slab||||||||\u00bb header_3_line_height=\u00bb1.4em\u00bb transform_scale_tablet=\u00bb\u00bb transform_scale_phone=\u00bb\u00bb transform_scale_last_edited=\u00bbon|desktop\u00bb transform_translate=\u00bb25px|-4px\u00bb transform_translate_tablet=\u00bb0px|0px\u00bb transform_translate_phone=\u00bb\u00bb transform_translate_last_edited=\u00bbon|tablet\u00bb transform_translate_linked=\u00bboff\u00bb transform_rotate_tablet=\u00bb\u00bb transform_rotate_phone=\u00bb\u00bb transform_rotate_last_edited=\u00bbon|desktop\u00bb transform_skew_tablet=\u00bb\u00bb transform_skew_phone=\u00bb\u00bb transform_skew_last_edited=\u00bbon|desktop\u00bb transform_origin_tablet=\u00bb\u00bb transform_origin_phone=\u00bb\u00bb transform_origin_last_edited=\u00bbon|desktop\u00bb transform_styles_last_edited=\u00bbon|tablet\u00bb custom_margin=\u00bb||10px|\u00bb animation_style=\u00bbfold\u00bb animation_direction=\u00bbbottom\u00bb animation_intensity_fold=\u00bb5%\u00bb animation_starting_opacity=\u00bb100%\u00bb transform_styles_tablet=\u00bb\u00bb transform_styles_phone=\u00bb\u00bb locked=\u00bboff\u00bb]<\/p>\n<ul>\n<li>Asesor\u00eda de Negociaciones.<\/li>\n<\/ul>\n<p>[\/et_pb_text][\/et_pb_column][\/et_pb_row][et_pb_row column_structure=\u00bb1_3,1_3,1_3&#8243; admin_label=\u00bbOur Philosophy Area\u00bb _builder_version=\u00bb4.9.2&#8243; custom_padding=\u00bb||4px|||\u00bb][et_pb_column type=\u00bb1_3&#8243; _builder_version=\u00bb3.25&#8243; custom_padding=\u00bb|||\u00bb custom_padding__hover=\u00bb|||\u00bb][et_pb_text admin_label=\u00bbTitle\u00bb _builder_version=\u00bb4.9.2&#8243; text_font=\u00bb||||||||\u00bb text_font_size=\u00bb16px\u00bb text_line_height=\u00bb2em\u00bb header_font=\u00bb||||||||\u00bb header_3_font=\u00bbRoboto Slab||||||||\u00bb header_3_line_height=\u00bb1.4em\u00bb custom_margin=\u00bb||10px|\u00bb animation_style=\u00bbfold\u00bb animation_direction=\u00bbbottom\u00bb animation_intensity_fold=\u00bb5%\u00bb animation_starting_opacity=\u00bb100%\u00bb]<\/p>\n<ul>\n<li style=\"text-align: justify;\">Estatutos Sociales.<\/li>\n<\/ul>\n<p>[\/et_pb_text][\/et_pb_column][et_pb_column type=\u00bb1_3&#8243; _builder_version=\u00bb4.9.2&#8243; _module_preset=\u00bbdefault\u00bb][et_pb_text admin_label=\u00bbTitle\u00bb _builder_version=\u00bb4.9.2&#8243; text_font=\u00bb||||||||\u00bb text_font_size=\u00bb16px\u00bb text_line_height=\u00bb2em\u00bb header_font=\u00bb||||||||\u00bb header_3_font=\u00bbRoboto Slab||||||||\u00bb header_3_line_height=\u00bb1.4em\u00bb custom_margin=\u00bb||10px|\u00bb animation_style=\u00bbfold\u00bb animation_direction=\u00bbbottom\u00bb animation_intensity_fold=\u00bb5%\u00bb animation_starting_opacity=\u00bb100%\u00bb]<\/p>\n<ul>\n<li>Formalizaci\u00f3n de Documentos ante Notarios.<\/li>\n<\/ul>\n<p>[\/et_pb_text][\/et_pb_column][et_pb_column type=\u00bb1_3&#8243; _builder_version=\u00bb4.9.2&#8243; _module_preset=\u00bbdefault\u00bb][et_pb_text admin_label=\u00bbTitle\u00bb _builder_version=\u00bb4.9.2&#8243; text_font=\u00bb||||||||\u00bb text_font_size=\u00bb16px\u00bb text_line_height=\u00bb2em\u00bb header_font=\u00bb||||||||\u00bb header_3_font=\u00bbRoboto Slab||||||||\u00bb header_3_line_height=\u00bb1.4em\u00bb custom_margin=\u00bb||10px|\u00bb animation_style=\u00bbfold\u00bb animation_direction=\u00bbbottom\u00bb animation_intensity_fold=\u00bb5%\u00bb animation_starting_opacity=\u00bb100%\u00bb]<\/p>\n<ul>\n<li>Reestructuraci\u00f3n de Sociedades.<\/li>\n<\/ul>\n<p>&nbsp;<\/p>\n<p>[\/et_pb_text][\/et_pb_column][\/et_pb_row][et_pb_row column_structure=\u00bb1_3,1_3,1_3&#8243; admin_label=\u00bbOur Philosophy Area\u00bb _builder_version=\u00bb4.9.2&#8243; custom_padding=\u00bb||4px|||\u00bb][et_pb_column type=\u00bb1_3&#8243; _builder_version=\u00bb3.25&#8243; custom_padding=\u00bb|||\u00bb custom_padding__hover=\u00bb|||\u00bb][et_pb_text admin_label=\u00bbTitle\u00bb _builder_version=\u00bb4.9.2&#8243; text_font=\u00bb||||||||\u00bb text_font_size=\u00bb16px\u00bb text_line_height=\u00bb2em\u00bb header_font=\u00bb||||||||\u00bb header_3_font=\u00bbRoboto Slab||||||||\u00bb header_3_line_height=\u00bb1.4em\u00bb custom_margin=\u00bb||10px|\u00bb animation_style=\u00bbfold\u00bb animation_direction=\u00bbbottom\u00bb animation_intensity_fold=\u00bb5%\u00bb animation_starting_opacity=\u00bb100%\u00bb]<\/p>\n<ul>\n<li>Registros y Escrituras.<\/li>\n<\/ul>\n<p>[\/et_pb_text][\/et_pb_column][et_pb_column type=\u00bb1_3&#8243; _builder_version=\u00bb4.9.2&#8243; _module_preset=\u00bbdefault\u00bb][et_pb_text admin_label=\u00bbTitle\u00bb _builder_version=\u00bb4.9.2&#8243; text_font=\u00bb||||||||\u00bb text_font_size=\u00bb16px\u00bb text_line_height=\u00bb2em\u00bb header_font=\u00bb||||||||\u00bb header_3_font=\u00bbRoboto Slab||||||||\u00bb header_3_line_height=\u00bb1.4em\u00bb custom_margin=\u00bb||10px|\u00bb animation_style=\u00bbfold\u00bb animation_direction=\u00bbbottom\u00bb animation_intensity_fold=\u00bb5%\u00bb animation_starting_opacity=\u00bb100%\u00bb]<\/p>\n<ul>\n<li>Contratos.<\/li>\n<\/ul>\n<p>[\/et_pb_text][\/et_pb_column][et_pb_column type=\u00bb1_3&#8243; _builder_version=\u00bb4.9.2&#8243; _module_preset=\u00bbdefault\u00bb][\/et_pb_column][\/et_pb_row][et_pb_row _builder_version=\u00bb4.9.2&#8243; _module_preset=\u00bbdefault\u00bb transform_translate=\u00bb0px|62px\u00bb transform_styles_last_edited=\u00bbon|phone\u00bb transform_scale_last_edited=\u00bbon|desktop\u00bb transform_translate_last_edited=\u00bbon|phone\u00bb transform_rotate_last_edited=\u00bbon|desktop\u00bb transform_skew_last_edited=\u00bbon|desktop\u00bb transform_origin_last_edited=\u00bbon|desktop\u00bb hover_enabled=\u00bb0&#8243; sticky_enabled=\u00bb0&#8243;][et_pb_column _builder_version=\u00bb4.9.2&#8243; _module_preset=\u00bbdefault\u00bb type=\u00bb4_4&#8243;][et_pb_button button_url=\u00bbhttps:\/\/unnidem.com.mx\/index.php\/contacto\/\u00bb button_text=\u00bbCont\u00e1ctanos\u00bb _builder_version=\u00bb4.9.2&#8243; custom_button=\u00bbon\u00bb button_text_size=\u00bb14px\u00bb button_text_color=\u00bb#2a2a2a\u00bb button_border_width=\u00bb2px\u00bb button_border_color=\u00bb#ffa40d\u00bb button_border_radius=\u00bb0px\u00bb button_letter_spacing=\u00bb4px\u00bb button_font=\u00bb|700||on|||||\u00bb button_icon=\u00bb%%3%%\u00bb custom_margin=\u00bb-182px||40px|||\u00bb custom_padding=\u00bb10px||10px|\u00bb animation_style=\u00bbfade\u00bb hover_enabled=\u00bb0&#8243; button_bg_color_hover=\u00bbrgba(0,0,0,0)\u00bb button_text_size__hover_enabled=\u00bboff\u00bb button_one_text_size__hover_enabled=\u00bboff\u00bb button_two_text_size__hover_enabled=\u00bboff\u00bb button_text_color__hover_enabled=\u00bboff\u00bb button_one_text_color__hover_enabled=\u00bboff\u00bb button_two_text_color__hover_enabled=\u00bboff\u00bb button_border_width__hover_enabled=\u00bboff\u00bb button_one_border_width__hover_enabled=\u00bboff\u00bb button_two_border_width__hover_enabled=\u00bboff\u00bb button_border_color__hover_enabled=\u00bboff\u00bb button_one_border_color__hover_enabled=\u00bboff\u00bb button_two_border_color__hover_enabled=\u00bboff\u00bb button_border_radius__hover_enabled=\u00bboff\u00bb button_one_border_radius__hover_enabled=\u00bboff\u00bb button_two_border_radius__hover_enabled=\u00bboff\u00bb button_letter_spacing__hover_enabled=\u00bboff\u00bb button_one_letter_spacing__hover_enabled=\u00bboff\u00bb button_two_letter_spacing__hover_enabled=\u00bboff\u00bb button_bg_color__hover_enabled=\u00bbon\u00bb button_bg_color__hover=\u00bbrgba(0,0,0,0)\u00bb button_one_bg_color__hover_enabled=\u00bboff\u00bb button_two_bg_color__hover_enabled=\u00bboff\u00bb transform_translate=\u00bb397px|153px\u00bb transform_translate_linked=\u00bboff\u00bb transform_styles_last_edited=\u00bbon|phone\u00bb transform_scale_last_edited=\u00bbon|desktop\u00bb transform_translate_last_edited=\u00bbon|phone\u00bb transform_rotate_last_edited=\u00bbon|desktop\u00bb transform_skew_last_edited=\u00bbon|desktop\u00bb transform_origin_last_edited=\u00bbon|desktop\u00bb sticky_enabled=\u00bb0&#8243; transform_translate_tablet=\u00bb181px|113px\u00bb transform_translate_phone=\u00bb75px|145px\u00bb][\/et_pb_button][\/et_pb_column][\/et_pb_row][\/et_pb_section]<\/p>\n","protected":false},"excerpt":{"rendered":"<p>Consultor\u00eda en NegociosA trav\u00e9s de la experiencia de nuestro equipo, se ha desarrollado un innovador modelo de asesor\u00eda empresarial el cual se adapta a las caracter\u00edsticas particulares del tipo de negocio de cada uno de nuestros clientes. Esta visi\u00f3n y experiencia nos permite brindar asesor\u00eda con precisi\u00f3n, ya que facilita realizar un an\u00e1lisis profundo y [&hellip;]<\/p>\n","protected":false},"author":1,"featured_media":0,"parent":0,"menu_order":0,"comment_status":"closed","ping_status":"closed","template":"","meta":{"_et_pb_use_builder":"on","_et_pb_old_content":"<!-- wp:divi\/placeholder \/-->","_et_gb_content_width":"","footnotes":""},"class_list":["post-248","page","type-page","status-publish","hentry"],"_links":{"self":[{"href":"https:\/\/unnidem.com.mx\/index.php\/wp-json\/wp\/v2\/pages\/248","targetHints":{"allow":["GET"]}}],"collection":[{"href":"https:\/\/unnidem.com.mx\/index.php\/wp-json\/wp\/v2\/pages"}],"about":[{"href":"https:\/\/unnidem.com.mx\/index.php\/wp-json\/wp\/v2\/types\/page"}],"author":[{"embeddable":true,"href":"https:\/\/unnidem.com.mx\/index.php\/wp-json\/wp\/v2\/users\/1"}],"replies":[{"embeddable":true,"href":"https:\/\/unnidem.com.mx\/index.php\/wp-json\/wp\/v2\/comments?post=248"}],"version-history":[{"count":17,"href":"https:\/\/unnidem.com.mx\/index.php\/wp-json\/wp\/v2\/pages\/248\/revisions"}],"predecessor-version":[{"id":393,"href":"https:\/\/unnidem.com.mx\/index.php\/wp-json\/wp\/v2\/pages\/248\/revisions\/393"}],"wp:attachment":[{"href":"https:\/\/unnidem.com.mx\/index.php\/wp-json\/wp\/v2\/media?parent=248"}],"curies":[{"name":"wp","href":"https:\/\/api.w.org\/{rel}","templated":true}]}}